{"id":96,"date":"2015-01-28T20:35:57","date_gmt":"2015-01-28T19:35:57","guid":{"rendered":"http:\/\/wordpress.kssc.de\/?page_id=96"},"modified":"2025-07-25T07:03:50","modified_gmt":"2025-07-25T06:03:50","slug":"vorstand","status":"publish","type":"page","link":"http:\/\/wordpress.kssc.de\/?page_id=96","title":{"rendered":"Vorstand"},"content":{"rendered":"<p style=\"text-align: center;\"><span style=\"font-family: Arial,Helvetica,Geneva,sans-serif;\">Der Vorstand setzt sich aus den folgenden Mitgliedern zusammen:<\/span><\/p>\n<p style=\"text-align: center;\"><span style=\"font-family: Arial,Helvetica,Geneva,sans-serif;\">1. Vorsitzender: Axel Rohde<\/span><\/p>\n<p style=\"text-align: center;\"><span style=\"font-family: Arial,Helvetica,Geneva,sans-serif;\">2. Vorsitzender: Henning Pr\u00fc\u00df<\/span><\/p>\n<p style=\"text-align: center;\"><span style=\"font-family: Arial,Helvetica,Geneva,sans-serif;\">Kassenwart: Michael Pr\u00fcss<\/span><\/p>\n<p style=\"text-align: center;\"><span style=\"font-family: Arial,Helvetica,Geneva,sans-serif;\">Schriftf\u00fchrerin: Dagmar Rohde<\/span><\/p>\n<p style=\"text-align: center;\"><span style=\"font-family: Arial,Helvetica,Geneva,sans-serif;\">Fussballobmann: Florian B\u00f6hm<\/span><\/p>\n<p style=\"text-align: center;\"><span style=\"font-family: Arial,Helvetica,Geneva,sans-serif;\">Beisitzer: Bernd Kripke<\/span><\/p>\n<p style=\"text-align: center;\"><span style=\"font-family: Arial,Helvetica,Geneva,sans-serif;\"><span style=\"font-family: Arial,Helvetica,Geneva,sans-serif;\">Beisitzer: Pascal Pr\u00fcss<\/span><\/span><\/p>\n<p style=\"text-align: center;\"><span style=\"font-family: Arial,Helvetica,Geneva,sans-serif;\">Beisitzer: Christian Sewerin<\/span><\/p>\n<p style=\"text-align: center;\"><span style=\"font-family: Arial,Helvetica,Geneva,sans-serif;\">Jugendobmann und Schiedsrichterobmann: <span style=\"font-family: Arial;\">Axel Rohde<br \/>\nVereinsehrenamtsbeauftragter: Axel Rohde<br \/>\n<\/span><\/span><\/p>\n<p style=\"text-align: center;\"><a href=\"http:\/\/wordpress.kssc.de\/wp-content\/uploads\/2017\/08\/JHV-Vorstand-2017.jpg\"><img loading=\"lazy\" decoding=\"async\" class=\"alignnone size-full wp-image-2203\" src=\"http:\/\/wordpress.kssc.de\/wp-content\/uploads\/2017\/08\/JHV-Vorstand-2017.jpg\" alt=\"\" width=\"3588\" height=\"2392\" srcset=\"http:\/\/wordpress.kssc.de\/wp-content\/uploads\/2017\/08\/JHV-Vorstand-2017.jpg 3588w, http:\/\/wordpress.kssc.de\/wp-content\/uploads\/2017\/08\/JHV-Vorstand-2017-300x200.jpg 300w, http:\/\/wordpress.kssc.de\/wp-content\/uploads\/2017\/08\/JHV-Vorstand-2017-768x512.jpg 768w, http:\/\/wordpress.kssc.de\/wp-content\/uploads\/2017\/08\/JHV-Vorstand-2017-1024x683.jpg 1024w\" sizes=\"auto, (max-width: 3588px) 100vw, 3588px\" \/><\/a><\/p>\n<p style=\"text-align: center;\">\n","protected":false},"excerpt":{"rendered":"<p>Der Vorstand setzt sich aus den folgenden Mitgliedern zusammen: 1. Vorsitzender: Axel Rohde 2. Vorsitzender: Henning Pr\u00fc\u00df Kassenwart: Michael Pr\u00fcss Schriftf\u00fchrerin: Dagmar Rohde Fussballobmann: Florian B\u00f6hm Beisitzer: Bernd Kripke Beisitzer: &hellip; <a href=\"http:\/\/wordpress.kssc.de\/?page_id=96\" class=\"more-link\"><span class=\"screen-reader-text\">Vorstand<\/span> weiterlesen <span class=\"meta-nav\">&rarr;<\/span><\/a><\/p>\n","protected":false},"author":1,"featured_media":0,"parent":0,"menu_order":0,"comment_status":"closed","ping_status":"closed","template":"","meta":{"footnotes":""},"class_list":["post-96","page","type-page","status-publish","hentry"],"_links":{"self":[{"href":"http:\/\/wordpress.kssc.de\/index.php?rest_route=\/wp\/v2\/pages\/96","targetHints":{"allow":["GET"]}}],"collection":[{"href":"http:\/\/wordpress.kssc.de\/index.php?rest_route=\/wp\/v2\/pages"}],"about":[{"href":"http:\/\/wordpress.kssc.de\/index.php?rest_route=\/wp\/v2\/types\/page"}],"author":[{"embeddable":true,"href":"http:\/\/wordpress.kssc.de\/index.php?rest_route=\/wp\/v2\/users\/1"}],"replies":[{"embeddable":true,"href":"http:\/\/wordpress.kssc.de\/index.php?rest_route=%2Fwp%2Fv2%2Fcomments&post=96"}],"version-history":[{"count":6,"href":"http:\/\/wordpress.kssc.de\/index.php?rest_route=\/wp\/v2\/pages\/96\/revisions"}],"predecessor-version":[{"id":4341,"href":"http:\/\/wordpress.kssc.de\/index.php?rest_route=\/wp\/v2\/pages\/96\/revisions\/4341"}],"wp:attachment":[{"href":"http:\/\/wordpress.kssc.de\/index.php?rest_route=%2Fwp%2Fv2%2Fmedia&parent=96"}],"curies":[{"name":"wp","href":"https:\/\/api.w.org\/{rel}","templated":true}]}}