{"id":52,"date":"2015-01-26T09:40:37","date_gmt":"2015-01-26T09:40:37","guid":{"rendered":"http:\/\/wordpress.kssc.de\/?page_id=52"},"modified":"2025-04-05T08:57:17","modified_gmt":"2025-04-05T07:57:17","slug":"impressum","status":"publish","type":"page","link":"http:\/\/wordpress.kssc.de\/?page_id=52","title":{"rendered":"Impressum"},"content":{"rendered":"<p align=\"CENTER\">\n<p align=\"CENTER\">\n<p align=\"CENTER\"><span style=\"font-family: Arial,Helvetica,Geneva,sans-serif;\">Kabelhorst-Schwienkuhler Sport-Club e.v.<\/span><\/p>\n<p align=\"CENTER\"><span style=\"font-family: Arial,Helvetica,Geneva,sans-serif;\">Diekstraat 10<br \/>\n23738 Schwienkuhl<\/span><\/p>\n<p align=\"CENTER\"><span style=\"font-family: Arial,Helvetica,Geneva,sans-serif;\">E-Mail: audrohde@freenet.de<\/span><\/p>\n<p align=\"CENTER\">Telefon: 04363 &#8211; 2975<\/p>\n<p align=\"CENTER\"><span style=\"font-family: Arial,Helvetica,Geneva,sans-serif;\">Vertretungsberechtigt ist der Vorstand:<\/span><\/p>\n<p align=\"CENTER\">1.\u00a0 Vorsitzender Axel Rohde<\/p>\n<p align=\"CENTER\">2. Vorsitzender Henning Pr\u00fc\u00df<\/p>\n<p align=\"CENTER\">Kassenwart Michael Pr\u00fcss<\/p>\n<p align=\"CENTER\">Registergericht: Amtsgericht L\u00fcbeck<\/p>\n<p align=\"CENTER\">Auf unserer Website nutzen wir die sog. Widgets von <a href=\"https:\/\/www.fussball.de\/\" target=\"fussballde\" rel=\"noopener\">fussball.de<\/a>, um Statistiken und weitere Informationen \u00fcber unseren Verein und Mannschaft(en) anzuzeigen. Dazu binden wir Daten direkt von fusball.de ein. Um diese Daten abzurufen, \u00fcbermittelt Dein Browser automatisch Deine IP-Adresse an den Server von <a href=\"https:\/\/www.fussball.de\/\" target=\"fussballde\" rel=\"noopener\">fussball.de<\/a>, welcher von der DFB GmbH mit Sitz in Frankfurt\/Main betrieben wird. Diese von unserer Website veranlasste \u00dcbermittlung liegt in unserem berechtigten Interesse an einer informativen und aktuellen Gestaltung unserer Website (Art. 6. Abs. 1 Satz 1 lit. f DSGVO).<\/p>\n","protected":false},"excerpt":{"rendered":"<p>Kabelhorst-Schwienkuhler Sport-Club e.v. Diekstraat 10 23738 Schwienkuhl E-Mail: audrohde@freenet.de Telefon: 04363 &#8211; 2975 Vertretungsberechtigt ist der Vorstand: 1.\u00a0 Vorsitzender Axel Rohde 2. Vorsitzender Henning Pr\u00fc\u00df Kassenwart Michael Pr\u00fcss Registergericht: Amtsgericht &hellip; <a href=\"http:\/\/wordpress.kssc.de\/?page_id=52\" class=\"more-link\"><span class=\"screen-reader-text\">Impressum<\/span> weiterlesen <span class=\"meta-nav\">&rarr;<\/span><\/a><\/p>\n","protected":false},"author":1,"featured_media":0,"parent":0,"menu_order":0,"comment_status":"closed","ping_status":"closed","template":"","meta":{"footnotes":""},"class_list":["post-52","page","type-page","status-publish","hentry"],"_links":{"self":[{"href":"http:\/\/wordpress.kssc.de\/index.php?rest_route=\/wp\/v2\/pages\/52","targetHints":{"allow":["GET"]}}],"collection":[{"href":"http:\/\/wordpress.kssc.de\/index.php?rest_route=\/wp\/v2\/pages"}],"about":[{"href":"http:\/\/wordpress.kssc.de\/index.php?rest_route=\/wp\/v2\/types\/page"}],"author":[{"embeddable":true,"href":"http:\/\/wordpress.kssc.de\/index.php?rest_route=\/wp\/v2\/users\/1"}],"replies":[{"embeddable":true,"href":"http:\/\/wordpress.kssc.de\/index.php?rest_route=%2Fwp%2Fv2%2Fcomments&post=52"}],"version-history":[{"count":8,"href":"http:\/\/wordpress.kssc.de\/index.php?rest_route=\/wp\/v2\/pages\/52\/revisions"}],"predecessor-version":[{"id":4336,"href":"http:\/\/wordpress.kssc.de\/index.php?rest_route=\/wp\/v2\/pages\/52\/revisions\/4336"}],"wp:attachment":[{"href":"http:\/\/wordpress.kssc.de\/index.php?rest_route=%2Fwp%2Fv2%2Fmedia&parent=52"}],"curies":[{"name":"wp","href":"https:\/\/api.w.org\/{rel}","templated":true}]}}