{"id":3837,"date":"2020-09-17T10:45:53","date_gmt":"2020-09-17T09:45:53","guid":{"rendered":"http:\/\/wordpress.kssc.de\/?page_id=3837"},"modified":"2023-07-19T12:19:17","modified_gmt":"2023-07-19T11:19:17","slug":"montagsrunde","status":"publish","type":"page","link":"http:\/\/wordpress.kssc.de\/?page_id=3837","title":{"rendered":"Montagsrunde"},"content":{"rendered":"\n<figure class=\"wp-block-image size-large\"><a href=\"http:\/\/wordpress.kssc.de\/wp-content\/uploads\/2023\/07\/2022-KSSC-meets-USFP_HP_Montagsrunde.jpg\"><img loading=\"lazy\" decoding=\"async\" width=\"1024\" height=\"395\" src=\"http:\/\/wordpress.kssc.de\/wp-content\/uploads\/2023\/07\/2022-KSSC-meets-USFP_HP_Montagsrunde-1024x395.jpg\" alt=\"\" class=\"wp-image-4139\" srcset=\"http:\/\/wordpress.kssc.de\/wp-content\/uploads\/2023\/07\/2022-KSSC-meets-USFP_HP_Montagsrunde-1024x395.jpg 1024w, http:\/\/wordpress.kssc.de\/wp-content\/uploads\/2023\/07\/2022-KSSC-meets-USFP_HP_Montagsrunde-300x116.jpg 300w, http:\/\/wordpress.kssc.de\/wp-content\/uploads\/2023\/07\/2022-KSSC-meets-USFP_HP_Montagsrunde-768x296.jpg 768w, http:\/\/wordpress.kssc.de\/wp-content\/uploads\/2023\/07\/2022-KSSC-meets-USFP_HP_Montagsrunde-1536x592.jpg 1536w, http:\/\/wordpress.kssc.de\/wp-content\/uploads\/2023\/07\/2022-KSSC-meets-USFP_HP_Montagsrunde-2048x790.jpg 2048w\" sizes=\"auto, (max-width: 1024px) 100vw, 1024px\" \/><\/a><\/figure>\n\n\n\n<p class=\"has-text-align-center\">Unsere <strong>KSSC-Montagsrunde <\/strong>trifft sich immer montags um 19:00 Uhr \u2013 im Sommer drau\u00dfen auf dem Sportplatz und im Winter in der Halle. <\/p>\n\n\n\n<p class=\"has-text-align-center\">Das Besondere daran ist, dass das hier Jung und Alt, Frauen und M\u00e4nner, aber auch Fl\u00fcchtlinge und Einheimische zusammen Spa\u00df haben <br>\u2013 also (teilweise \u00fcber 20) fu\u00dfballbegeisterte <br>im Alter von z. Zt. 10 bis \u00fcber 60 Jahre.<\/p>\n\n\n\n<figure class=\"wp-block-image size-large is-resized\"><img loading=\"lazy\" decoding=\"async\" src=\"http:\/\/wordpress.kssc.de\/wp-content\/uploads\/2020\/09\/2020-Montagsrunde-1024x466.jpg\" alt=\"\" class=\"wp-image-3839\" width=\"529\" height=\"240\" srcset=\"http:\/\/wordpress.kssc.de\/wp-content\/uploads\/2020\/09\/2020-Montagsrunde-1024x466.jpg 1024w, http:\/\/wordpress.kssc.de\/wp-content\/uploads\/2020\/09\/2020-Montagsrunde-300x136.jpg 300w, http:\/\/wordpress.kssc.de\/wp-content\/uploads\/2020\/09\/2020-Montagsrunde-768x349.jpg 768w, http:\/\/wordpress.kssc.de\/wp-content\/uploads\/2020\/09\/2020-Montagsrunde.jpg 1322w\" sizes=\"auto, (max-width: 529px) 100vw, 529px\" \/><\/figure>\n\n\n\n<figure class=\"wp-block-image size-large is-resized\"><img loading=\"lazy\" decoding=\"async\" src=\"http:\/\/wordpress.kssc.de\/wp-content\/uploads\/2020\/09\/2020-KSSC-Montagsrunde_Spassturnier-1024x576.jpg\" alt=\"\" class=\"wp-image-3841\" width=\"520\" height=\"291\"\/><\/figure>\n\n\n\n<figure class=\"wp-block-image size-large is-resized\"><img loading=\"lazy\" decoding=\"async\" src=\"http:\/\/wordpress.kssc.de\/wp-content\/uploads\/2020\/07\/2019-KSSC-Montagsrunde-e1600327732688.jpg\" alt=\"\" class=\"wp-image-3801\" width=\"529\" height=\"198\" srcset=\"http:\/\/wordpress.kssc.de\/wp-content\/uploads\/2020\/07\/2019-KSSC-Montagsrunde-e1600327732688.jpg 896w, http:\/\/wordpress.kssc.de\/wp-content\/uploads\/2020\/07\/2019-KSSC-Montagsrunde-e1600327732688-300x113.jpg 300w, http:\/\/wordpress.kssc.de\/wp-content\/uploads\/2020\/07\/2019-KSSC-Montagsrunde-e1600327732688-768x288.jpg 768w\" sizes=\"auto, (max-width: 529px) 100vw, 529px\" \/><\/figure>\n","protected":false},"excerpt":{"rendered":"<p>Unsere KSSC-Montagsrunde trifft sich immer montags um 19:00 Uhr \u2013 im Sommer drau\u00dfen auf dem Sportplatz und im Winter in der Halle. Das Besondere daran ist, dass das hier Jung &hellip; <a href=\"http:\/\/wordpress.kssc.de\/?page_id=3837\" class=\"more-link\"><span class=\"screen-reader-text\">Montagsrunde<\/span> weiterlesen <span class=\"meta-nav\">&rarr;<\/span><\/a><\/p>\n","protected":false},"author":2,"featured_media":0,"parent":0,"menu_order":0,"comment_status":"closed","ping_status":"closed","template":"","meta":{"footnotes":""},"class_list":["post-3837","page","type-page","status-publish","hentry"],"_links":{"self":[{"href":"http:\/\/wordpress.kssc.de\/index.php?rest_route=\/wp\/v2\/pages\/3837","targetHints":{"allow":["GET"]}}],"collection":[{"href":"http:\/\/wordpress.kssc.de\/index.php?rest_route=\/wp\/v2\/pages"}],"about":[{"href":"http:\/\/wordpress.kssc.de\/index.php?rest_route=\/wp\/v2\/types\/page"}],"author":[{"embeddable":true,"href":"http:\/\/wordpress.kssc.de\/index.php?rest_route=\/wp\/v2\/users\/2"}],"replies":[{"embeddable":true,"href":"http:\/\/wordpress.kssc.de\/index.php?rest_route=%2Fwp%2Fv2%2Fcomments&post=3837"}],"version-history":[{"count":8,"href":"http:\/\/wordpress.kssc.de\/index.php?rest_route=\/wp\/v2\/pages\/3837\/revisions"}],"predecessor-version":[{"id":4142,"href":"http:\/\/wordpress.kssc.de\/index.php?rest_route=\/wp\/v2\/pages\/3837\/revisions\/4142"}],"wp:attachment":[{"href":"http:\/\/wordpress.kssc.de\/index.php?rest_route=%2Fwp%2Fv2%2Fmedia&parent=3837"}],"curies":[{"name":"wp","href":"https:\/\/api.w.org\/{rel}","templated":true}]}}